{"id":13138,"date":"2018-02-09T14:48:23","date_gmt":"2018-02-09T13:48:23","guid":{"rendered":"http:\/\/wp-test.sehrsehrfein.de\/?page_id=13138"},"modified":"2018-05-29T23:43:13","modified_gmt":"2018-05-29T21:43:13","slug":"servicebedingungen","status":"publish","type":"page","link":"https:\/\/www.groeninger.de\/de\/servicebedingungen\/","title":{"rendered":"Servicebedingungen"},"content":{"rendered":"<p><section class=\"ffb-id-1ttg4a7l ffb-revolution-slider fg-text-dark\">\n\t\t\t\t<p class=\"rs-p-wp-fix\"><\/p>\n\t\t\t\t<sr7-module data-alias=\"welcome-slider\" data-id=\"1\" id=\"SR7_1_1\" class=\"rs-ov-hidden\" data-version=\"6.7.52\">\n\t\t\t\t\t<sr7-adjuster><\/sr7-adjuster>\n\t\t\t\t\t<sr7-content>\n\t\t\t\t\t\t<sr7-slide id=\"SR7_1_1-3\" data-key=\"3\">\n\t\t\t\t\t\t\t<sr7-txt id=\"SR7_1_1-3-8\" class=\"sr7-layer\">Individuelle L\u00f6sungen<\/sr7-txt>\n\t\t\t\t\t\t\t<a id=\"SR7_1_1-3-17\" class=\"sr7-layer\" href=\"https:\/\/www.groeninger.de\/de\/antriebstechnik\/\" target=\"_self\">Antriebstechnik <i class=\"fa-angle-right\"><\/i><\/a>\n\t\t\t\t\t\t\t<sr7-txt id=\"SR7_1_1-3-19\" class=\"sr7-layer\">F\u00fcr Antriebe und Zerspanung<\/sr7-txt>\n\t\t\t\t\t\t\t<a id=\"SR7_1_1-3-20\" class=\"sr7-layer\" href=\"https:\/\/www.groeninger.de\/de\/zerspanung\/\" target=\"_self\">Zerspanung <i class=\"fa-angle-right\"><\/i><\/a>\n\t\t\t\t\t\t<\/sr7-slide>\n\t\t\t\t\t\t<sr7-slide id=\"SR7_1_1-1\" data-key=\"1\">\n\t\t\t\t\t\t\t<sr7-txt id=\"SR7_1_1-1-5\" class=\"sr7-layer\">Antriebstechnik<\/sr7-txt>\n\t\t\t\t\t\t\t<sr7-txt id=\"SR7_1_1-1-8\" class=\"sr7-layer\">Kundenspezifische<\/sr7-txt>\n\t\t\t\t\t\t\t<a id=\"SR7_1_1-1-17\" class=\"sr7-layer\" href=\"https:\/\/www.groeninger.de\/de\/antriebstechnik\/\" target=\"_self\">Mehr <i class=\"fa-angle-right\"><\/i><\/a>\n\t\t\t\t\t\t<\/sr7-slide>\n\t\t\t\t\t\t<sr7-slide id=\"SR7_1_1-2\" data-key=\"2\">\n\t\t\t\t\t\t\t<sr7-txt id=\"SR7_1_1-2-5\" class=\"sr7-layer\">Zerspanung<\/sr7-txt>\n\t\t\t\t\t\t\t<sr7-txt id=\"SR7_1_1-2-8\" class=\"sr7-layer\">Fr\u00e4sen & Drehen<\/sr7-txt>\n\t\t\t\t\t\t\t<a id=\"SR7_1_1-2-17\" class=\"sr7-layer\" href=\"https:\/\/www.groeninger.de\/de\/zerspanung\/\" target=\"_self\">Mehr <i class=\"fa-angle-right\"><\/i><\/a>\n\t\t\t\t\t\t<\/sr7-slide>\n\t\t\t\t\t\t<sr7-slide id=\"SR7_1_1-30\" data-key=\"30\">\n\t\t\t\t\t\t<\/sr7-slide>\n\t\t\t\t\t<\/sr7-content>\n\t\t\t\t<\/sr7-module>\n\t\t\t\t<script>\n\t\t\t\t\twindow.SR7 ??={};SR7.PMH ??={}; SR7.PMH[\"SR7_1_1\"] = {cn:100,state:false,fn: function() { if (window._tpt!==undefined && window._tpt.prepareModuleHeight !== undefined) {  _tpt.prepareModuleHeight({id:\"SR7_1_1\",el:[450,450,450,400,400],type:'standard',shdw:'0',gh:[450,450,450,400,400],gw:[1400,1400,1240,778,480],vpt:['-200px&#039;,&#039;-200px&#039;,&#039;-200px&#039;,&#039;-200px&#039;,&#039;-200px'],size:{fullWidth:true, fullHeight:false},mh:'0',onh:0,onw:0,bg:{color:'{\"orig\":\"transparent\",\"type\":\"solid\",\"string\":\"transparent\"}'},plType:'-1',plColor:'#FFFFFF'});   SR7.PMH[\"SR7_1_1\"].state=true;} else if(SR7.PMH[\"SR7_1_1\"].cn-->0)\tsetTimeout( SR7.PMH[\"SR7_1_1\"].fn,19);}};SR7.PMH[\"SR7_1_1\" ].fn();\n\t\t\t\t<\/script>\n<\/section><style><\/style><script type=\"text\/javascript\"><\/script><section class=\"ffb-id-1u0368qg fg-section fg-text-dark\"><div class=\"fg-container container fg-container-large fg-container-lvl--1 \"><div class=\"fg-row row    \" ><div class=\"ffb-id-1u037eil fg-col col-xs-12 col-md-12 fg-text-dark\"><section class=\"ffb-id-1ttfpvdl heading-v1 text-center    fg-text-dark\"><h2 class=\"heading-v1-Section fg-text-dark ffb-header-1\"><\/p>\n<h1>Servicebedingungen<\/h1>\n<p><span style=\"font-size:18px;font-weight:400\">G\u00fcltig ab 01.01.2017<\/span><\/h2><\/section><\/div><div class=\"ffb-id-1u0368qi fg-col col-xs-12 col-md-9 fg-text-dark\"><p class=\"ffb-id-1u01grkr fg-paragraph text-left    fg-text-dark\"><\/p>\n<p class=\"textAbsatz\">In Erg\u00e4nzung unserer Allgemeinen Gesch\u00e4ftsbedingungen gelten f\u00fcr die Inbetriebnahme, Wartungs-, Inspektions- und Reparaturarbeiten folgende Bedingungen durch unser Servicepersonal:\n<\/p>\n<p class=\"textAbsatz\">\n<h3 class=\"textHeadline textHeadline_forceDistance\">1. Arbeitszeit<\/h3>\n<\/p>\n<p class=\"textAbsatz\"> Wenn nicht anderweitig vereinbart, richtet sich die Dauer der normalen Arbeitszeit nach den gesetzlichen Bestimmungen in der Bundesrepublik Deutschland. Die Normalarbeitszeit betr\u00e4gt von Montag bis Freitag t\u00e4glich 7,7 Stunden, d.h. 38,5 Stunden pro Woche und schlie\u00dft Arbeits-, Reise- oder Wartestunden ein. Mehrarbeitsstunden k\u00f6nnen unter Ber\u00fccksichtigung der gesetzlichen Vorschriften vereinbart werden. Es sollten jedoch normalerweise 10 Stunden t\u00e4glich bzw. 50 Stunden w\u00f6chentlich nicht \u00fcberschritten werden. Das Einholen evtl. erforderlicher beh\u00f6rdlicher Genehmigungen obliegt dem Besteller.\n<\/p>\n<p class=\"textAbsatz\">\n<h3 class=\"textHeadline\">2. Verrechnungss\u00e4tze<\/h3>\n<\/p>\n<p class=\"textAbsatz\"> F\u00fcr die Leistungen unseres Servicepersonals werden folgende Stundens\u00e4tze f\u00fcr Arbeits- und Wartezeiten berechnet:\n<\/p>\n<p class=\"textAbsatz\">Servicetechniker \u20ac 125,00\n<\/p>\n<p class=\"textAbsatz\">Reisezeiten \u20ac 66,00\n<\/p>\n<p class=\"textAbsatz\"> Jede angefangene halbe Stunde wird berechnet. Sammelreisen: Falls unser technisches Personal bei verschiedenen Bestellern Arbeiten hintereinander ausf\u00fchrt, werden die Reisekosten nach unserem besten Ermessen auf die verschiedenen Besteller verteilt.\n<\/p>\n<p class=\"textAbsatz\">\n<h3 class=\"textHeadline\">3. Mehrarbeitszuschl\u00e4ge<\/h3>\n<\/p>\n<p class=\"textAbsatz\"> F\u00fcr \u00fcber die Normalarbeitszeit hinaus geleistete Mehrarbeit werden folgende Prozents\u00e4tze auf den Stundensatz berechnet:<\/p>\n<ul>\n<li> F\u00fcr die 1. und 2. Mehrarbeitsstunde am Tag 25 % <\/li>\n<li> F\u00fcr die 3. und jede weitere t\u00e4gliche Mehrarbeitsstunde, die vor oder nach der regelm\u00e4\u00dfigen Arbeitszeit geleistet wird 50 % <\/li>\n<li>F\u00fcr Eins\u00e4tze an Samstagen 50 % <\/li>\n<li>F\u00fcr Eins\u00e4tze an Sonntagen 100 % <\/li>\n<li> F\u00fcr Eins\u00e4tze an Feiertagen 200 %<\/li>\n<\/ul>\n<p class=\"textAbsatz\">\n<h3 class=\"textHeadline\">4. Kosten f\u00fcr Verpflegung und \u00dcbernachtung (Ausl\u00f6sungss\u00e4tze)<\/h3>\n<\/p>\n<p class=\"textAbsatz\"> An Ausl\u00f6sung wird pro Kalendertag und Person berechnet:<\/p>\n<ul>\n<li> Inland: F\u00fcr eint\u00e4gige Dienstreisen \u20ac 30,00 <\/li>\n<li>F\u00fcr mehrt\u00e4gige Dienstreisen \u20ac 36,00 <\/li>\n<li> \u00dcbernachtungspauschale \u20ac 60,00 oder nach Aufwand<\/li>\n<li> Ausland: Die Kosten f\u00fcr die Verpflegung und \u00dcbernachtung werden nach den jeweils g\u00fcltigen steuerlichen Richtlinien berechnet.<\/li>\n<\/ul>\n<p class=\"textAbsatz\">Die vorstehend aufgef\u00fchrten Verrechnungss\u00e4tze verstehen sich jeweils ohne Mehrwertsteuer.\n<\/p>\n<p class=\"textAbsatz\">\n<h3 class=\"textHeadline\">5. Reiseauslagen<\/h3>\n<\/p>\n<p class=\"textAbsatz\"> Bahnfahrten, Flugreisen, Taxi, \u00f6ffentliche Verkehrmittel werden nach tats\u00e4chlichem Aufwand berechnet.\n<\/p>\n<p class=\"textAbsatz\">Bei Benutzung von werkseigenem Wagen Kosten von \u20ac 0,70 je Kilometer\n<\/p>\n<p class=\"textAbsatz\">\n<h3 class=\"textHeadline\">6. Sonstiges<\/h3>\n<\/p>\n<p class=\"textAbsatz\"> Wir bitten Sie um Hilfestellung w\u00e4hrend des Einsatzes unserer Techniker. Es mu\u00df gew\u00e4hrleistet sein, dass unser Techniker sofort nach Eintreffen mit der Montage beginnen kann. Eventuelle Beanstandungen teilen Sie uns bitte sp\u00e4testens acht (8) Tage nach Erhalt der Rechnung schriftlich mit, wir k\u00f6nnen diese sonst nicht mehr akzeptieren. Wir bitten Sie, sich nach Beendigung der Arbeiten von dem ordnungsgem\u00e4\u00dfen Zustand der Antriebe zu \u00fcberzeugen. Mit Ihrer Unterschrift best\u00e4tigen Sie die einwandfreie Durchf\u00fchrung der Montage und die Anzahl der ben\u00f6tigten Arbeitsstunden. Gerichtsstand f\u00fcr beide Seiten ist Stuttgart.\n<\/p>\n<p><\/p><\/div><div class=\"ffb-id-1u0368qh fg-col col-xs-12 col-md-3 fg-text-dark\"><div class=\"ffb-id-1u03a8id ark-sidebar ark-element-sidebar fg-text-dark\"><div id=\"nav_menu-3\" class=\"widget ffb-widget widget_nav_menu\"><div class=\"blog-sidebar widget-body\"><h4 class=\"widget-title ffb-widget-title\">Rechtliches<\/h4><div class=\"menu-rechtliches-de-container\"><ul id=\"menu-rechtliches-de\" class=\"menu\"><li id=\"menu-item-13135\" class=\"menu-item menu-item-type-post_type menu-item-object-page menu-item-13135\"><a href=\"https:\/\/www.groeninger.de\/de\/agb-einkauf\/\">AGB \u2013 Einkauf<\/a><\/li>\n<li id=\"menu-item-13136\" class=\"menu-item menu-item-type-post_type menu-item-object-page menu-item-13136\"><a href=\"https:\/\/www.groeninger.de\/de\/agb-verkauf\/\">AGB \u2013 Verkauf<\/a><\/li>\n<li id=\"menu-item-13144\" class=\"menu-item menu-item-type-post_type menu-item-object-page menu-item-13144\"><a href=\"https:\/\/www.groeninger.de\/de\/servicebedingungen\/\">Servicebedingungen<\/a><\/li>\n<li id=\"menu-item-13157\" class=\"menu-item menu-item-type-post_type menu-item-object-page menu-item-privacy-policy menu-item-13157\"><a rel=\"privacy-policy\" href=\"https:\/\/www.groeninger.de\/de\/datenschutz\/\">Datenschutzerkl\u00e4rung<\/a><\/li>\n<li id=\"menu-item-13168\" class=\"menu-item menu-item-type-post_type menu-item-object-page menu-item-13168\"><a href=\"https:\/\/www.groeninger.de\/de\/impressum\/\">Impressum<\/a><\/li>\n<\/ul><\/div><\/div><\/div><\/div><\/div><\/div><\/div><\/section><style>.ffb-id-1u03a8id .widget-title{ background-color:#ffffff;}.ffb-id-1u03a8id .widget-body .widget-title{ border-color:#ebeef6;}.ffb-id-1u03a8id .widget{ background-color:#ffffff;}.ffb-id-1u03a8id .widget-body .timeline-v2 .timeline-v2-badge-icon{ background-color:#ffffff;}.ffb-id-1u03a8id .widget{ margin-bottom:30px;}.ffb-id-1ttfpvdl{ margin-top: 80px;margin-bottom: 40px;}@media (min-width:768px) { .ffb-id-1ttfpvdl{ margin-top: 80px;margin-bottom: 40px;}}@media (min-width:992px) { .ffb-id-1ttfpvdl{ margin-top: 80px;margin-bottom: 40px;}}@media (min-width:1200px) { .ffb-id-1ttfpvdl{ margin-top: 80px;margin-bottom: 40px;}}.ffb-id-1ttfpvdl{ text-align: left !important;}.ffb-id-1ttfpvdl ,.ffb-id-1ttfpvdl:before,.ffb-id-1ttfpvdl:after,.ffb-id-1ttfpvdl:hover,.ffb-id-1ttfpvdl:focus,.ffb-id-1ttfpvdl *,.ffb-id-1ttfpvdl *:before,.ffb-id-1ttfpvdl *:after,.ffb-id-1ttfpvdl *:hover,.ffb-id-1ttfpvdl *:focus{ text-align: left !important;}@media (min-width:768px) { .ffb-id-1ttfpvdl{ text-align: left !important;}}@media (min-width:768px) { .ffb-id-1ttfpvdl ,.ffb-id-1ttfpvdl:before,.ffb-id-1ttfpvdl:after,.ffb-id-1ttfpvdl:hover,.ffb-id-1ttfpvdl:focus,.ffb-id-1ttfpvdl *,.ffb-id-1ttfpvdl *:before,.ffb-id-1ttfpvdl *:after,.ffb-id-1ttfpvdl *:hover,.ffb-id-1ttfpvdl *:focus{ text-align: left !important;}}@media (min-width:992px) { .ffb-id-1ttfpvdl{ text-align: left !important;}}@media (min-width:992px) { .ffb-id-1ttfpvdl ,.ffb-id-1ttfpvdl:before,.ffb-id-1ttfpvdl:after,.ffb-id-1ttfpvdl:hover,.ffb-id-1ttfpvdl:focus,.ffb-id-1ttfpvdl *,.ffb-id-1ttfpvdl *:before,.ffb-id-1ttfpvdl *:after,.ffb-id-1ttfpvdl *:hover,.ffb-id-1ttfpvdl *:focus{ text-align: left !important;}}@media (min-width:1200px) { .ffb-id-1ttfpvdl{ text-align: left !important;}}@media (min-width:1200px) { .ffb-id-1ttfpvdl ,.ffb-id-1ttfpvdl:before,.ffb-id-1ttfpvdl:after,.ffb-id-1ttfpvdl:hover,.ffb-id-1ttfpvdl:focus,.ffb-id-1ttfpvdl *,.ffb-id-1ttfpvdl *:before,.ffb-id-1ttfpvdl *:after,.ffb-id-1ttfpvdl *:hover,.ffb-id-1ttfpvdl *:focus{ text-align: left !important;}}<\/style><script type=\"text\/javascript\"><\/script><div class=\"ffb-id-1u02l0p9 ffg-empty-space fg-text-dark\"><\/div><style>.ffb-id-1u03a8id .widget-title{ \nbackground-color:#ffffff;\n}\n.ffb-id-1u03a8id .widget-body .widget-title{ \nborder-color:#ebeef6;\n}\n.ffb-id-1u03a8id .widget{ \nbackground-color:#ffffff;\n}\n.ffb-id-1u03a8id .widget-body .timeline-v2 .timeline-v2-badge-icon{ \nbackground-color:#ffffff;\n}\n.ffb-id-1u03a8id .widget{ \nmargin-bottom:30px;\n}\n.ffb-id-1ttfpvdl{ \nmargin-top: 80px;\nmargin-bottom: 40px;\n\n}\n@media (min-width:768px) { \n.ffb-id-1ttfpvdl{ \nmargin-top: 80px;\nmargin-bottom: 40px;\n\n}\n}@media (min-width:992px) { \n.ffb-id-1ttfpvdl{ \nmargin-top: 80px;\nmargin-bottom: 40px;\n\n}\n}@media (min-width:1200px) { \n.ffb-id-1ttfpvdl{ \nmargin-top: 80px;\nmargin-bottom: 40px;\n\n}\n}.ffb-id-1ttfpvdl{ \ntext-align: left !important;\n}\n.ffb-id-1ttfpvdl ,\n.ffb-id-1ttfpvdl:before,\n.ffb-id-1ttfpvdl:after,\n.ffb-id-1ttfpvdl:hover,\n.ffb-id-1ttfpvdl:focus,\n.ffb-id-1ttfpvdl *,\n.ffb-id-1ttfpvdl *:before,\n.ffb-id-1ttfpvdl *:after,\n.ffb-id-1ttfpvdl *:hover,\n.ffb-id-1ttfpvdl *:focus{ \ntext-align: left !important;\n}\n@media (min-width:768px) { \n.ffb-id-1ttfpvdl{ \ntext-align: left !important;\n}\n}@media (min-width:768px) { \n.ffb-id-1ttfpvdl ,\n.ffb-id-1ttfpvdl:before,\n.ffb-id-1ttfpvdl:after,\n.ffb-id-1ttfpvdl:hover,\n.ffb-id-1ttfpvdl:focus,\n.ffb-id-1ttfpvdl *,\n.ffb-id-1ttfpvdl *:before,\n.ffb-id-1ttfpvdl *:after,\n.ffb-id-1ttfpvdl *:hover,\n.ffb-id-1ttfpvdl *:focus{ \ntext-align: left !important;\n}\n}@media (min-width:992px) { \n.ffb-id-1ttfpvdl{ \ntext-align: left !important;\n}\n}@media (min-width:992px) { \n.ffb-id-1ttfpvdl ,\n.ffb-id-1ttfpvdl:before,\n.ffb-id-1ttfpvdl:after,\n.ffb-id-1ttfpvdl:hover,\n.ffb-id-1ttfpvdl:focus,\n.ffb-id-1ttfpvdl *,\n.ffb-id-1ttfpvdl *:before,\n.ffb-id-1ttfpvdl *:after,\n.ffb-id-1ttfpvdl *:hover,\n.ffb-id-1ttfpvdl *:focus{ \ntext-align: left !important;\n}\n}@media (min-width:1200px) { \n.ffb-id-1ttfpvdl{ \ntext-align: left !important;\n}\n}@media (min-width:1200px) { \n.ffb-id-1ttfpvdl ,\n.ffb-id-1ttfpvdl:before,\n.ffb-id-1ttfpvdl:after,\n.ffb-id-1ttfpvdl:hover,\n.ffb-id-1ttfpvdl:focus,\n.ffb-id-1ttfpvdl *,\n.ffb-id-1ttfpvdl *:before,\n.ffb-id-1ttfpvdl *:after,\n.ffb-id-1ttfpvdl *:hover,\n.ffb-id-1ttfpvdl *:focus{ \ntext-align: left !important;\n}\n}.ffb-id-1u02l0p9{ height: 100px;}<\/style><script type=\"text\/javascript\"><\/script><\/p>\n","protected":false},"excerpt":{"rendered":"","protected":false},"author":1,"featured_media":0,"parent":0,"menu_order":0,"comment_status":"closed","ping_status":"closed","template":"","meta":{"_monsterinsights_skip_tracking":false,"_monsterinsights_sitenote_active":false,"_monsterinsights_sitenote_note":"","_monsterinsights_sitenote_category":0,"footnotes":""},"class_list":["post-13138","page","type-page","status-publish","hentry","post-wrapper"],"yoast_head":"<!-- This site is optimized with the Yoast SEO plugin v27.3 - https:\/\/yoast.com\/product\/yoast-seo-wordpress\/ -->\n<title>Servicebedingungen | GR\u00d6NINGER Antriebstechnik GmbH &amp; Co. KG<\/title>\n<meta name=\"robots\" content=\"index, follow, max-snippet:-1, max-image-preview:large, max-video-preview:-1\" \/>\n<link rel=\"canonical\" href=\"https:\/\/www.groeninger.de\/de\/servicebedingungen\/\" \/>\n<meta property=\"og:locale\" content=\"de_DE\" \/>\n<meta property=\"og:type\" content=\"article\" \/>\n<meta property=\"og:title\" content=\"Servicebedingungen | GR\u00d6NINGER Antriebstechnik GmbH &amp; Co. KG\" \/>\n<meta property=\"og:url\" content=\"https:\/\/www.groeninger.de\/de\/servicebedingungen\/\" \/>\n<meta property=\"og:site_name\" content=\"GR\u00d6NINGER Antriebstechnik GmbH &amp; Co. KG\" \/>\n<meta property=\"article:modified_time\" content=\"2018-05-29T21:43:13+00:00\" \/>\n<meta name=\"twitter:card\" content=\"summary_large_image\" \/>\n<meta name=\"twitter:label1\" content=\"Gesch\u00e4tzte Lesezeit\" \/>\n\t<meta name=\"twitter:data1\" content=\"6\u00a0Minuten\" \/>\n<script type=\"application\/ld+json\" class=\"yoast-schema-graph\">{\"@context\":\"https:\\\/\\\/schema.org\",\"@graph\":[{\"@type\":\"WebPage\",\"@id\":\"https:\\\/\\\/www.groeninger.de\\\/de\\\/servicebedingungen\\\/\",\"url\":\"https:\\\/\\\/www.groeninger.de\\\/de\\\/servicebedingungen\\\/\",\"name\":\"Servicebedingungen | GR\u00d6NINGER Antriebstechnik GmbH &amp; Co. KG\",\"isPartOf\":{\"@id\":\"https:\\\/\\\/www.groeninger.de\\\/en\\\/#website\"},\"datePublished\":\"2018-02-09T13:48:23+00:00\",\"dateModified\":\"2018-05-29T21:43:13+00:00\",\"breadcrumb\":{\"@id\":\"https:\\\/\\\/www.groeninger.de\\\/de\\\/servicebedingungen\\\/#breadcrumb\"},\"inLanguage\":\"de\",\"potentialAction\":[{\"@type\":\"ReadAction\",\"target\":[\"https:\\\/\\\/www.groeninger.de\\\/de\\\/servicebedingungen\\\/\"]}]},{\"@type\":\"BreadcrumbList\",\"@id\":\"https:\\\/\\\/www.groeninger.de\\\/de\\\/servicebedingungen\\\/#breadcrumb\",\"itemListElement\":[{\"@type\":\"ListItem\",\"position\":1,\"name\":\"Home\",\"item\":\"https:\\\/\\\/www.groeninger.de\\\/de\\\/\"},{\"@type\":\"ListItem\",\"position\":2,\"name\":\"Servicebedingungen\"}]},{\"@type\":\"WebSite\",\"@id\":\"https:\\\/\\\/www.groeninger.de\\\/en\\\/#website\",\"url\":\"https:\\\/\\\/www.groeninger.de\\\/en\\\/\",\"name\":\"GR\u00d6NINGER Antriebstechnik GmbH &amp; Co. KG\",\"description\":\"Hersteller von Metall- und Kunststoffgetrieben\",\"publisher\":{\"@id\":\"https:\\\/\\\/www.groeninger.de\\\/en\\\/#organization\"},\"potentialAction\":[{\"@type\":\"SearchAction\",\"target\":{\"@type\":\"EntryPoint\",\"urlTemplate\":\"https:\\\/\\\/www.groeninger.de\\\/en\\\/?s={search_term_string}\"},\"query-input\":{\"@type\":\"PropertyValueSpecification\",\"valueRequired\":true,\"valueName\":\"search_term_string\"}}],\"inLanguage\":\"de\"},{\"@type\":\"Organization\",\"@id\":\"https:\\\/\\\/www.groeninger.de\\\/en\\\/#organization\",\"name\":\"Gr\u00f6ninger GmbH & Co. KG\",\"url\":\"https:\\\/\\\/www.groeninger.de\\\/en\\\/\",\"logo\":{\"@type\":\"ImageObject\",\"inLanguage\":\"de\",\"@id\":\"https:\\\/\\\/www.groeninger.de\\\/en\\\/#\\\/schema\\\/logo\\\/image\\\/\",\"url\":\"https:\\\/\\\/www.groeninger.de\\\/wp-content\\\/uploads\\\/2018\\\/01\\\/groeninger-logo.jpg\",\"contentUrl\":\"https:\\\/\\\/www.groeninger.de\\\/wp-content\\\/uploads\\\/2018\\\/01\\\/groeninger-logo.jpg\",\"width\":1200,\"height\":180,\"caption\":\"Gr\u00f6ninger GmbH & Co. KG\"},\"image\":{\"@id\":\"https:\\\/\\\/www.groeninger.de\\\/en\\\/#\\\/schema\\\/logo\\\/image\\\/\"},\"sameAs\":[\"https:\\\/\\\/www.youtube.com\\\/channel\\\/UCqrAyPKj9qYSxRb4uH6pZQA\"]}]}<\/script>\n<!-- \/ Yoast SEO plugin. -->","yoast_head_json":{"title":"Servicebedingungen | GR\u00d6NINGER Antriebstechnik GmbH &amp; Co. KG","robots":{"index":"index","follow":"follow","max-snippet":"max-snippet:-1","max-image-preview":"max-image-preview:large","max-video-preview":"max-video-preview:-1"},"canonical":"https:\/\/www.groeninger.de\/de\/servicebedingungen\/","og_locale":"de_DE","og_type":"article","og_title":"Servicebedingungen | GR\u00d6NINGER Antriebstechnik GmbH &amp; Co. KG","og_url":"https:\/\/www.groeninger.de\/de\/servicebedingungen\/","og_site_name":"GR\u00d6NINGER Antriebstechnik GmbH &amp; Co. KG","article_modified_time":"2018-05-29T21:43:13+00:00","twitter_card":"summary_large_image","twitter_misc":{"Gesch\u00e4tzte Lesezeit":"6\u00a0Minuten"},"schema":{"@context":"https:\/\/schema.org","@graph":[{"@type":"WebPage","@id":"https:\/\/www.groeninger.de\/de\/servicebedingungen\/","url":"https:\/\/www.groeninger.de\/de\/servicebedingungen\/","name":"Servicebedingungen | GR\u00d6NINGER Antriebstechnik GmbH &amp; Co. KG","isPartOf":{"@id":"https:\/\/www.groeninger.de\/en\/#website"},"datePublished":"2018-02-09T13:48:23+00:00","dateModified":"2018-05-29T21:43:13+00:00","breadcrumb":{"@id":"https:\/\/www.groeninger.de\/de\/servicebedingungen\/#breadcrumb"},"inLanguage":"de","potentialAction":[{"@type":"ReadAction","target":["https:\/\/www.groeninger.de\/de\/servicebedingungen\/"]}]},{"@type":"BreadcrumbList","@id":"https:\/\/www.groeninger.de\/de\/servicebedingungen\/#breadcrumb","itemListElement":[{"@type":"ListItem","position":1,"name":"Home","item":"https:\/\/www.groeninger.de\/de\/"},{"@type":"ListItem","position":2,"name":"Servicebedingungen"}]},{"@type":"WebSite","@id":"https:\/\/www.groeninger.de\/en\/#website","url":"https:\/\/www.groeninger.de\/en\/","name":"GR\u00d6NINGER Antriebstechnik GmbH &amp; Co. KG","description":"Hersteller von Metall- und Kunststoffgetrieben","publisher":{"@id":"https:\/\/www.groeninger.de\/en\/#organization"},"potentialAction":[{"@type":"SearchAction","target":{"@type":"EntryPoint","urlTemplate":"https:\/\/www.groeninger.de\/en\/?s={search_term_string}"},"query-input":{"@type":"PropertyValueSpecification","valueRequired":true,"valueName":"search_term_string"}}],"inLanguage":"de"},{"@type":"Organization","@id":"https:\/\/www.groeninger.de\/en\/#organization","name":"Gr\u00f6ninger GmbH & Co. KG","url":"https:\/\/www.groeninger.de\/en\/","logo":{"@type":"ImageObject","inLanguage":"de","@id":"https:\/\/www.groeninger.de\/en\/#\/schema\/logo\/image\/","url":"https:\/\/www.groeninger.de\/wp-content\/uploads\/2018\/01\/groeninger-logo.jpg","contentUrl":"https:\/\/www.groeninger.de\/wp-content\/uploads\/2018\/01\/groeninger-logo.jpg","width":1200,"height":180,"caption":"Gr\u00f6ninger GmbH & Co. KG"},"image":{"@id":"https:\/\/www.groeninger.de\/en\/#\/schema\/logo\/image\/"},"sameAs":["https:\/\/www.youtube.com\/channel\/UCqrAyPKj9qYSxRb4uH6pZQA"]}]}},"_links":{"self":[{"href":"https:\/\/www.groeninger.de\/de\/wp-json\/wp\/v2\/pages\/13138","targetHints":{"allow":["GET"]}}],"collection":[{"href":"https:\/\/www.groeninger.de\/de\/wp-json\/wp\/v2\/pages"}],"about":[{"href":"https:\/\/www.groeninger.de\/de\/wp-json\/wp\/v2\/types\/page"}],"author":[{"embeddable":true,"href":"https:\/\/www.groeninger.de\/de\/wp-json\/wp\/v2\/users\/1"}],"replies":[{"embeddable":true,"href":"https:\/\/www.groeninger.de\/de\/wp-json\/wp\/v2\/comments?post=13138"}],"version-history":[{"count":0,"href":"https:\/\/www.groeninger.de\/de\/wp-json\/wp\/v2\/pages\/13138\/revisions"}],"wp:attachment":[{"href":"https:\/\/www.groeninger.de\/de\/wp-json\/wp\/v2\/media?parent=13138"}],"curies":[{"name":"wp","href":"https:\/\/api.w.org\/{rel}","templated":true}]}}