{"id":15700,"date":"2022-03-07T18:04:30","date_gmt":"2022-03-07T17:04:30","guid":{"rendered":"https:\/\/www.groeninger.de\/?page_id=15700"},"modified":"2022-03-07T19:13:43","modified_gmt":"2022-03-07T18:13:43","slug":"unser-service","status":"publish","type":"page","link":"https:\/\/www.groeninger.de\/de\/unser-service\/","title":{"rendered":"Unser Service"},"content":{"rendered":"<section class=\"ffb-id-rce001 fg-section fg-text-dark\"><div class=\"fg-container container fg-container-large fg-container-lvl--1 \"><div class=\"fg-row row    \" ><div class=\"ffb-id-rce002 fg-col col-xs-12 col-xs-offset- col-xs-pull- col-xs-push- col-sm-offset- col-sm-pull- col-sm-push- col-md-12 col-md-offset- col-md-pull- col-md-push- col-lg-offset- col-lg-pull- col-lg-push- fg-text-dark\">ADMINEXISTS<\/div><\/div><\/div><\/section><style><\/style><script type=\"text\/javascript\"><\/script>\n","protected":false},"excerpt":{"rendered":"","protected":false},"author":4,"featured_media":0,"parent":0,"menu_order":0,"comment_status":"closed","ping_status":"closed","template":"","meta":{"_monsterinsights_skip_tracking":false,"_monsterinsights_sitenote_active":false,"_monsterinsights_sitenote_note":"","_monsterinsights_sitenote_category":0,"footnotes":""},"class_list":["post-15700","page","type-page","status-publish","hentry","post-wrapper"],"yoast_head":"<!-- This site is optimized with the Yoast SEO plugin v27.4 - https:\/\/yoast.com\/product\/yoast-seo-wordpress\/ -->\n<title>Unser Service | GR\u00d6NINGER Antriebstechnik GmbH &amp; Co. KG<\/title>\n<meta name=\"description\" content=\"Unser Service f\u00fcr Sie. Fertigung | Montage | Qualit\u00e4t | Entwicklung und das alles aus einer Hand. Schauen Sie vorbei und \u00fcberzeugen Sie sich.\" \/>\n<meta name=\"robots\" content=\"index, follow, max-snippet:-1, max-image-preview:large, max-video-preview:-1\" \/>\n<link rel=\"canonical\" href=\"https:\/\/www.groeninger.de\/de\/unser-service\/\" \/>\n<meta property=\"og:locale\" content=\"de_DE\" \/>\n<meta property=\"og:type\" content=\"article\" \/>\n<meta property=\"og:title\" content=\"Unser Service | GR\u00d6NINGER Antriebstechnik GmbH &amp; Co. KG\" \/>\n<meta property=\"og:description\" content=\"Unser Service f\u00fcr Sie. Fertigung | Montage | Qualit\u00e4t | Entwicklung und das alles aus einer Hand. Schauen Sie vorbei und \u00fcberzeugen Sie sich.\" \/>\n<meta property=\"og:url\" content=\"https:\/\/www.groeninger.de\/de\/unser-service\/\" \/>\n<meta property=\"og:site_name\" content=\"GR\u00d6NINGER Antriebstechnik GmbH &amp; Co. KG\" \/>\n<meta property=\"article:modified_time\" content=\"2022-03-07T18:13:43+00:00\" \/>\n<meta name=\"twitter:card\" content=\"summary_large_image\" \/>\n<meta name=\"twitter:label1\" content=\"Gesch\u00e4tzte Lesezeit\" \/>\n\t<meta name=\"twitter:data1\" content=\"1\u00a0Minute\" \/>\n<script type=\"application\/ld+json\" class=\"yoast-schema-graph\">{\"@context\":\"https:\\\/\\\/schema.org\",\"@graph\":[{\"@type\":\"WebPage\",\"@id\":\"https:\\\/\\\/www.groeninger.de\\\/de\\\/unser-service\\\/\",\"url\":\"https:\\\/\\\/www.groeninger.de\\\/de\\\/unser-service\\\/\",\"name\":\"Unser Service | GR\u00d6NINGER Antriebstechnik GmbH &amp; Co. KG\",\"isPartOf\":{\"@id\":\"https:\\\/\\\/www.groeninger.de\\\/en\\\/#website\"},\"datePublished\":\"2022-03-07T17:04:30+00:00\",\"dateModified\":\"2022-03-07T18:13:43+00:00\",\"description\":\"Unser Service f\u00fcr Sie. Fertigung | Montage | Qualit\u00e4t | Entwicklung und das alles aus einer Hand. Schauen Sie vorbei und \u00fcberzeugen Sie sich.\",\"breadcrumb\":{\"@id\":\"https:\\\/\\\/www.groeninger.de\\\/de\\\/unser-service\\\/#breadcrumb\"},\"inLanguage\":\"de\",\"potentialAction\":[{\"@type\":\"ReadAction\",\"target\":[\"https:\\\/\\\/www.groeninger.de\\\/de\\\/unser-service\\\/\"]}]},{\"@type\":\"BreadcrumbList\",\"@id\":\"https:\\\/\\\/www.groeninger.de\\\/de\\\/unser-service\\\/#breadcrumb\",\"itemListElement\":[{\"@type\":\"ListItem\",\"position\":1,\"name\":\"Home\",\"item\":\"https:\\\/\\\/www.groeninger.de\\\/de\\\/\"},{\"@type\":\"ListItem\",\"position\":2,\"name\":\"Unser Service\"}]},{\"@type\":\"WebSite\",\"@id\":\"https:\\\/\\\/www.groeninger.de\\\/en\\\/#website\",\"url\":\"https:\\\/\\\/www.groeninger.de\\\/en\\\/\",\"name\":\"GR\u00d6NINGER Antriebstechnik GmbH &amp; Co. KG\",\"description\":\"Hersteller von Metall- und Kunststoffgetrieben\",\"publisher\":{\"@id\":\"https:\\\/\\\/www.groeninger.de\\\/en\\\/#organization\"},\"potentialAction\":[{\"@type\":\"SearchAction\",\"target\":{\"@type\":\"EntryPoint\",\"urlTemplate\":\"https:\\\/\\\/www.groeninger.de\\\/en\\\/?s={search_term_string}\"},\"query-input\":{\"@type\":\"PropertyValueSpecification\",\"valueRequired\":true,\"valueName\":\"search_term_string\"}}],\"inLanguage\":\"de\"},{\"@type\":\"Organization\",\"@id\":\"https:\\\/\\\/www.groeninger.de\\\/en\\\/#organization\",\"name\":\"Gr\u00f6ninger GmbH & Co. KG\",\"url\":\"https:\\\/\\\/www.groeninger.de\\\/en\\\/\",\"logo\":{\"@type\":\"ImageObject\",\"inLanguage\":\"de\",\"@id\":\"https:\\\/\\\/www.groeninger.de\\\/en\\\/#\\\/schema\\\/logo\\\/image\\\/\",\"url\":\"https:\\\/\\\/www.groeninger.de\\\/wp-content\\\/uploads\\\/2018\\\/01\\\/groeninger-logo.jpg\",\"contentUrl\":\"https:\\\/\\\/www.groeninger.de\\\/wp-content\\\/uploads\\\/2018\\\/01\\\/groeninger-logo.jpg\",\"width\":1200,\"height\":180,\"caption\":\"Gr\u00f6ninger GmbH & Co. KG\"},\"image\":{\"@id\":\"https:\\\/\\\/www.groeninger.de\\\/en\\\/#\\\/schema\\\/logo\\\/image\\\/\"},\"sameAs\":[\"https:\\\/\\\/www.youtube.com\\\/channel\\\/UCqrAyPKj9qYSxRb4uH6pZQA\"]}]}<\/script>\n<!-- \/ Yoast SEO plugin. -->","yoast_head_json":{"title":"Unser Service | GR\u00d6NINGER Antriebstechnik GmbH &amp; Co. KG","description":"Unser Service f\u00fcr Sie. Fertigung | Montage | Qualit\u00e4t | Entwicklung und das alles aus einer Hand. Schauen Sie vorbei und \u00fcberzeugen Sie sich.","robots":{"index":"index","follow":"follow","max-snippet":"max-snippet:-1","max-image-preview":"max-image-preview:large","max-video-preview":"max-video-preview:-1"},"canonical":"https:\/\/www.groeninger.de\/de\/unser-service\/","og_locale":"de_DE","og_type":"article","og_title":"Unser Service | GR\u00d6NINGER Antriebstechnik GmbH &amp; Co. KG","og_description":"Unser Service f\u00fcr Sie. Fertigung | Montage | Qualit\u00e4t | Entwicklung und das alles aus einer Hand. Schauen Sie vorbei und \u00fcberzeugen Sie sich.","og_url":"https:\/\/www.groeninger.de\/de\/unser-service\/","og_site_name":"GR\u00d6NINGER Antriebstechnik GmbH &amp; Co. KG","article_modified_time":"2022-03-07T18:13:43+00:00","twitter_card":"summary_large_image","twitter_misc":{"Gesch\u00e4tzte Lesezeit":"1\u00a0Minute"},"schema":{"@context":"https:\/\/schema.org","@graph":[{"@type":"WebPage","@id":"https:\/\/www.groeninger.de\/de\/unser-service\/","url":"https:\/\/www.groeninger.de\/de\/unser-service\/","name":"Unser Service | GR\u00d6NINGER Antriebstechnik GmbH &amp; Co. KG","isPartOf":{"@id":"https:\/\/www.groeninger.de\/en\/#website"},"datePublished":"2022-03-07T17:04:30+00:00","dateModified":"2022-03-07T18:13:43+00:00","description":"Unser Service f\u00fcr Sie. Fertigung | Montage | Qualit\u00e4t | Entwicklung und das alles aus einer Hand. Schauen Sie vorbei und \u00fcberzeugen Sie sich.","breadcrumb":{"@id":"https:\/\/www.groeninger.de\/de\/unser-service\/#breadcrumb"},"inLanguage":"de","potentialAction":[{"@type":"ReadAction","target":["https:\/\/www.groeninger.de\/de\/unser-service\/"]}]},{"@type":"BreadcrumbList","@id":"https:\/\/www.groeninger.de\/de\/unser-service\/#breadcrumb","itemListElement":[{"@type":"ListItem","position":1,"name":"Home","item":"https:\/\/www.groeninger.de\/de\/"},{"@type":"ListItem","position":2,"name":"Unser Service"}]},{"@type":"WebSite","@id":"https:\/\/www.groeninger.de\/en\/#website","url":"https:\/\/www.groeninger.de\/en\/","name":"GR\u00d6NINGER Antriebstechnik GmbH &amp; Co. KG","description":"Hersteller von Metall- und Kunststoffgetrieben","publisher":{"@id":"https:\/\/www.groeninger.de\/en\/#organization"},"potentialAction":[{"@type":"SearchAction","target":{"@type":"EntryPoint","urlTemplate":"https:\/\/www.groeninger.de\/en\/?s={search_term_string}"},"query-input":{"@type":"PropertyValueSpecification","valueRequired":true,"valueName":"search_term_string"}}],"inLanguage":"de"},{"@type":"Organization","@id":"https:\/\/www.groeninger.de\/en\/#organization","name":"Gr\u00f6ninger GmbH & Co. KG","url":"https:\/\/www.groeninger.de\/en\/","logo":{"@type":"ImageObject","inLanguage":"de","@id":"https:\/\/www.groeninger.de\/en\/#\/schema\/logo\/image\/","url":"https:\/\/www.groeninger.de\/wp-content\/uploads\/2018\/01\/groeninger-logo.jpg","contentUrl":"https:\/\/www.groeninger.de\/wp-content\/uploads\/2018\/01\/groeninger-logo.jpg","width":1200,"height":180,"caption":"Gr\u00f6ninger GmbH & Co. KG"},"image":{"@id":"https:\/\/www.groeninger.de\/en\/#\/schema\/logo\/image\/"},"sameAs":["https:\/\/www.youtube.com\/channel\/UCqrAyPKj9qYSxRb4uH6pZQA"]}]}},"_links":{"self":[{"href":"https:\/\/www.groeninger.de\/de\/wp-json\/wp\/v2\/pages\/15700","targetHints":{"allow":["GET"]}}],"collection":[{"href":"https:\/\/www.groeninger.de\/de\/wp-json\/wp\/v2\/pages"}],"about":[{"href":"https:\/\/www.groeninger.de\/de\/wp-json\/wp\/v2\/types\/page"}],"author":[{"embeddable":true,"href":"https:\/\/www.groeninger.de\/de\/wp-json\/wp\/v2\/users\/4"}],"replies":[{"embeddable":true,"href":"https:\/\/www.groeninger.de\/de\/wp-json\/wp\/v2\/comments?post=15700"}],"version-history":[{"count":0,"href":"https:\/\/www.groeninger.de\/de\/wp-json\/wp\/v2\/pages\/15700\/revisions"}],"wp:attachment":[{"href":"https:\/\/www.groeninger.de\/de\/wp-json\/wp\/v2\/media?parent=15700"}],"curies":[{"name":"wp","href":"https:\/\/api.w.org\/{rel}","templated":true}]}}